{"id":349,"date":"2015-02-07T03:15:43","date_gmt":"2015-02-07T03:15:43","guid":{"rendered":"http:\/\/localhost:8888\/20150127-Worker\/?page_id=349"},"modified":"2020-12-28T13:29:34","modified_gmt":"2020-12-28T13:29:34","slug":"opinie","status":"publish","type":"page","link":"https:\/\/medisa24.eu\/?page_id=349","title":{"rendered":"OPINIE O NAS"},"content":{"rendered":"<div class='clearfix'>\n<div class='fifth'>\n<p><img loading=\"lazy\" decoding=\"async\" class=\"aligncenter wp-image-480\" src=\"https:\/\/medisa24.eu\/wp-content\/uploads\/2019\/06\/logo_kwadrat.png\" alt=\"\" width=\"116\" height=\"116\" \/><\/div>\n<div class='four-fifths last'>\n<blockquote class='full'><span class=\"quote\">Bez w\u0105tpienia Firma Medisa24 jest godna polecenia. Oferty s\u0105 zawsze dostosowane do mojego do\u015bwiadczenia i j\u0119zyka niemieckiego<\/span><cite> - Bogus\u0142awa z P\u0142ocka<\/cite><span class='quoterate'>\uf005 \uf005 \uf005 \uf005 \uf005 <\/span><\/blockquote><\/div>\n<\/div>\n<hr \/>\n<div class='clearfix'>\n<div class='fifth'>\n<p><img loading=\"lazy\" decoding=\"async\" class=\"aligncenter wp-image-357\" src=\"https:\/\/medisa24.eu\/wp-content\/uploads\/2019\/06\/logo_kwadrat.png\" alt=\"\" width=\"116\" height=\"116\" \/><\/div>\n<div class='four-fifths last'>\n<blockquote class='full'><span class=\"quote\">Firma Medisa24 prawdopodobnie jako jedyna na rynku ma jasne zasady zatrudnienia i wynagrodzenie na czas. Wsp\u00f3\u0142praca przebiega sprawnie, a Panie z firmy zawsze ch\u0119tnie pomagaj\u0105<\/span><cite> - Ma\u0142gorzata z Rawicza<\/cite><span class='quoterate'>\uf005 \uf005 \uf005 \uf005 <\/span><\/blockquote><\/div>\n<\/div>\n<hr \/>\n<div class='clearfix'>\n<div class='fifth'>\n<p><img loading=\"lazy\" decoding=\"async\" class=\"aligncenter wp-image-357\" src=\"https:\/\/medisa24.eu\/wp-content\/uploads\/2019\/06\/logo_kwadrat.png\" alt=\"\" width=\"116\" height=\"116\" \/><\/div>\n<div class='four-fifths last'>\n<blockquote class='full'><span class=\"quote\">Jestem bardzo zadowolona ze wsp\u00f3\u0142pracy z\u00a0 Firm\u0105 Medisa24 przede wszystkim ze wzgl\u0119du na wysokie zarobki oraz profesjonaln\u0105 i mi\u0142\u0105 obs\u0142ug\u0119<\/span><cite> - Jadwiga z Opola<\/cite><span class='quoterate'>\uf005 \uf005 \uf005 \uf005 \uf005 <\/span><\/blockquote><\/div>\n<\/div>\n<hr \/>\n<div class='clearfix'>\n<div class='fifth'>\n<p><img loading=\"lazy\" decoding=\"async\" class=\"aligncenter wp-image-357\" src=\"https:\/\/medisa24.eu\/wp-content\/uploads\/2019\/06\/logo_kwadrat.png\" alt=\"\" width=\"116\" height=\"116\" \/><\/div>\n<div class='four-fifths last'>\n<blockquote class='full'><span class=\"quote\">Przez jaki\u015b czas pracowa\u0142am na czarno, ale szybko przekona\u0142am si\u0119, \u017ce taka praca na d\u0142u\u017csz\u0105 met\u0119 jest bardzo niekorzystna i niepewna. Dzi\u0119ki Medisa24 w ko\u0144cu odetchn\u0119\u0142am i o nic si\u0119 nie martwi\u0119. Jestem w pe\u0142ni ubezpieczona i pieni\u0105dze mam zawsze na czas. Zdecydowanie polecam!<\/span><cite> - Teresa z Malborka<\/cite><span class='quoterate'>\uf005 \uf005 \uf005 \uf005 \uf005 <\/span><\/blockquote><\/div>\n<\/div>\n<hr \/>\n<div class='clearfix'>\n<div class='fifth'>\n<p><img loading=\"lazy\" decoding=\"async\" class=\"aligncenter wp-image-357\" src=\"https:\/\/medisa24.eu\/wp-content\/uploads\/2019\/06\/logo_kwadrat.png\" alt=\"\" width=\"116\" height=\"116\" \/><\/div>\n<div class='four-fifths last'>\n<blockquote class='full'><span class=\"quote\">Praca opiekunki nie jest \u0142atwa, ale w Medisa24 zawsze mog\u0119 liczy\u0107 na wsparcie i zrozumienie<\/span><cite> - Krystyna z Legnicy<\/cite><span class='quoterate'>\uf005 \uf005 \uf005 \uf005 \uf005 <\/span><\/blockquote><\/div>\n<\/div>\n<hr \/>\n<div class='clearfix'>\n<div class='fifth'>\n<p><img loading=\"lazy\" decoding=\"async\" class=\"aligncenter wp-image-357\" src=\"https:\/\/medisa24.eu\/wp-content\/uploads\/2019\/06\/logo_kwadrat.png\" alt=\"\" width=\"116\" height=\"116\" \/><\/div>\n<div class='four-fifths last'>\n<blockquote class='full'><span class=\"quote\">Pieni\u0105dze na czas i sprawdzone oferty, w Medisa24 znalaz\u0142am wszystko czego potrzebowa\u0142am<\/span><cite> - \u0141ucja z Malborka<\/cite><span class='quoterate'>\uf005 \uf005 \uf005 \uf005 \uf005 <\/span><\/blockquote><\/div>\n<\/div>\n<hr \/>\n<div class='clearfix'>\n<div class='fifth last'>\n<p><img loading=\"lazy\" decoding=\"async\" class=\"aligncenter wp-image-357\" src=\"https:\/\/medisa24.eu\/wp-content\/uploads\/2019\/06\/logo_kwadrat.png\" alt=\"\" width=\"116\" height=\"116\" \/><\/div>\n<div class='four-fifths last'>\n<blockquote class='full'><span class=\"quote\">Wspania\u0142a i profesjonalna obs\u0142uga. Dzi\u0119ki tej firmie finansowo stan\u0119\u0142am na nogi. Szczerze polecam<\/span><cite> - Barbara z Wroc\u0142awia<\/cite><span class='quoterate'>\uf005 \uf005 \uf005 \uf005 \uf005 <\/span><\/blockquote><\/div>\n<\/div>\n","protected":false},"excerpt":{"rendered":"","protected":false},"author":1,"featured_media":0,"parent":0,"menu_order":0,"comment_status":"open","ping_status":"open","template":"page.php","meta":{"footnotes":""},"class_list":["post-349","page","type-page","status-publish","hentry"],"_links":{"self":[{"href":"https:\/\/medisa24.eu\/index.php?rest_route=\/wp\/v2\/pages\/349","targetHints":{"allow":["GET"]}}],"collection":[{"href":"https:\/\/medisa24.eu\/index.php?rest_route=\/wp\/v2\/pages"}],"about":[{"href":"https:\/\/medisa24.eu\/index.php?rest_route=\/wp\/v2\/types\/page"}],"author":[{"embeddable":true,"href":"https:\/\/medisa24.eu\/index.php?rest_route=\/wp\/v2\/users\/1"}],"replies":[{"embeddable":true,"href":"https:\/\/medisa24.eu\/index.php?rest_route=%2Fwp%2Fv2%2Fcomments&post=349"}],"version-history":[{"count":13,"href":"https:\/\/medisa24.eu\/index.php?rest_route=\/wp\/v2\/pages\/349\/revisions"}],"predecessor-version":[{"id":1678,"href":"https:\/\/medisa24.eu\/index.php?rest_route=\/wp\/v2\/pages\/349\/revisions\/1678"}],"wp:attachment":[{"href":"https:\/\/medisa24.eu\/index.php?rest_route=%2Fwp%2Fv2%2Fmedia&parent=349"}],"curies":[{"name":"wp","href":"https:\/\/api.w.org\/{rel}","templated":true}]}}