{"id":1472,"date":"2019-06-24T08:19:29","date_gmt":"2019-06-24T08:19:29","guid":{"rendered":"https:\/\/medisa24.eu\/?page_id=1472"},"modified":"2019-07-08T07:16:54","modified_gmt":"2019-07-08T07:16:54","slug":"informationen","status":"publish","type":"page","link":"https:\/\/medisa24.eu\/?page_id=1472","title":{"rendered":"Informationen"},"content":{"rendered":"\n<p style=\"text-align: justify;\"><img loading=\"lazy\" decoding=\"async\" class=\"wp-image-1366 alignright\" src=\"https:\/\/medisa24.eu\/wp-content\/uploads\/2017\/09\/OGOEXH0.jpg\" alt=\"\" width=\"499\" height=\"360\" srcset=\"https:\/\/medisa24.eu\/wp-content\/uploads\/2017\/09\/OGOEXH0.jpg 3669w, https:\/\/medisa24.eu\/wp-content\/uploads\/2017\/09\/OGOEXH0-300x217.jpg 300w, https:\/\/medisa24.eu\/wp-content\/uploads\/2017\/09\/OGOEXH0-768x555.jpg 768w, https:\/\/medisa24.eu\/wp-content\/uploads\/2017\/09\/OGOEXH0-1024x740.jpg 1024w\" sizes=\"auto, (max-width: 499px) 100vw, 499px\" \/><\/p>\n<p style=\"text-align: justify;\">Wenn Sie auf der Suche nach einer kompetenten Alterspflege f\u00fcr sich oder Ihre Angeh\u00f6rigen sind, dann sind Sie bei Medisa24 an der richtigen Adresse!<\/p>\n<p style=\"text-align: justify;\">Die Firma Medisa24 spezialisiert sich in Ausf\u00fchrung von Pflegeleistungen f\u00fcr Senioren in Deutschland. Wir gr\u00fcndeten unsere T\u00e4tigkeit in Antwort auf die Bed\u00fcrfnisse einer alternden Gesellschaft Europas und sind auch den Familien der Pflegebed\u00fcrftigeren, die keine rund um die Uhr Pflege f\u00fcr ihre Familienangeh\u00f6rige sichern k\u00f6nnen, entgegengekommen.<\/p>\n<p style=\"text-align: justify;\">In unserer T\u00e4tigkeit lassen wir uns vor allem durch das Wohl des anderen Menschen leiten, deswegen ist unser Hauptziel Sicherheit, Komfort und legale Einstellung zu garantieren.<\/p>\n<p style=\"text-align: justify;\">Wir arbeiten mit besten Agenturen und Partnern in Deutschland, wodurch wir bew\u00e4hrte Arbeitspl\u00e4tze, insbesondere an individuelle Eignung des Bewerbers angepasst, anbieten k\u00f6nnen.<\/p>\n<p style=\"text-align: justify;\">Mit spezieller Sorge und Pflege umgeben wir nicht nur unsere Senioren, sondern auch unsere Pfleger. Uns liegt daran, dass sie sich w\u00e4hrend der Ausf\u00fchrung eines Auftrags sicher f\u00fchlen und Sicherheit haben, dass wir ihnen immer helfen und sie unterst\u00fctzen werden. Wir glauben, dass ein Gef\u00fchl der Ruhe und Stabilit\u00e4t bei dem Pfleger direkt seinen psychischen Komfort und die Qualit\u00e4t der von ihm geleisteten Dienste bessert.<\/p>\n<p style=\"text-align: justify;\">Unsere Betreuer\/innen werden aus ganz Polen vermittelt. Bei einem mehrstufigen Rekrutierungsverfahren werden die Personen gew\u00e4hlt, die \u00fcber eine Berufserfahrung verf\u00fcgen,\u00a0 deutsche Sprache kennen und die eine \u00fcberdurchsschnittliche Empathie und Sensibilit\u00e4t aufweisen.<\/p>\n<p style=\"text-align: justify;\">Die Betreuung ist nicht nur unsere Arbeit aber auch unsere Leidenschaft.<\/p>\n<p style=\"text-align: justify;\">Wir bedanken uns f\u00fcr Ihr Interesse an unser Angebot und laden Sie herzlich zur Zusammenarbeit ein!<\/p>\n<p style=\"text-align: justify;\"><strong>\u00a0<\/strong><\/p>\n<h2 style=\"text-align: justify;\"><span style=\"color: #227ca1;\">Unsere Firma MEDISA24 garantiert Ihnen einen kompetenten Ansprechpartner in beiden Sprachen: Deutsch und Polnisch.<\/span><br \/><span style=\"color: #227ca1;\">Rufen Sie uns an!<\/span><\/h2>\n<h3 style=\"text-align: justify;\">\u00a0<\/h3>\n<h3 style=\"text-align: justify;\"><span style=\"color: #227ca1;\">1. Schritt<\/span><\/h3>\n<p style=\"text-align: justify;\">Sie nehmen den Kontakt mit\u00a0MEDISA24\u00a0auf.<br \/>Sie w\u00e4hlen die Telefonnummer unserer Personalberaterin\u00a0oder Sie senden uns eine E-Mail.<br \/>Wir werden alle Ihren Fragen ausf\u00fchrlich beantworten und Ihnen alles Wissenswerte sowohl \u00fcber unsere Berteuungskr\u00e4fte, als auch \u00fcber Kooperation mit uns erl\u00e4utern.<\/p>\n<h3 style=\"text-align: justify;\"><span style=\"color: #227ca1;\">2. Schritt<\/span><\/h3>\n<p style=\"text-align: justify;\">Wir suchen dann aus unseren Betreuungskr\u00e4ften die f\u00fcr Sie passende Hilfe und schlagen Ihnen einige guten Betreuerinnen vor. Sie k\u00f6nnen sich in Ruhe f\u00fcr eine davon entscheiden. Zusammen finden wir bestimmt gemeinsam die passende Hilfe, die Ihnen oder Ihren Angeh\u00f6rigen zur Seite stehen wird!<\/p>\n<h3 style=\"text-align: justify;\"><span style=\"color: #227ca1;\">3. Schritt<\/span><\/h3>\n<p style=\"text-align: justify;\">Wenn Sie sich entschieden haben, schlie\u00dfen wir gemeinsam einen Vertrag zur gegenseitigen Unterzeichnung. Sie bestimmen den Ankunftstermin, wir nennen Ihnen Ankunftszeit und \u2013ort, wo und wann Ihre Betreuungskraft ankommt.<\/p>\n<h3 style=\"text-align: justify;\"><span style=\"color: #227ca1;\">4. Schritt<\/span><\/h3>\n<p style=\"text-align: justify;\">MEDISA24\u00a0organisiert gemeinsam mit Ihnen den eventuellen Wechsel.<\/p>\n<p style=\"text-align: justify;\"><strong>\u00a0<\/strong><\/p>\n<h2 style=\"text-align: justify;\"><span style=\"color: #227ca1;\">Herzliche Pflegekr\u00e4fte aus Polen<\/span><\/h2>\n<p style=\"text-align: justify;\">Unsere Pfleger und Pflegerinnen sind die Besten in ihrem Fach. Sie verf\u00fcgen \u00fcber mehrfache Erfahrung in der Pflege 24 und haben gute Deutschkenntnisse. Ihre Herzlichkeit und ihr Engagement werden von den deutschen Patienten und deren Familie besonders gesch\u00e4tzt. Viele unserer Betreuerinnen sind bereit, bei Ihnen ab sofort anzukommen und Sie zu unterst\u00fctzen.<\/p>\n<p style=\"text-align: justify;\">\u00a0<\/p>\n<h2 style=\"text-align: justify;\"><span style=\"color: #227ca1;\">Die Legalit\u00e4t ist uns am wichtigsten!<\/span><\/h2>\n<h3 style=\"text-align: justify;\"><span style=\"color: #227ca1;\">A1 und EKUZ<\/span><\/h3>\n<p style=\"text-align: justify;\">Alle unsere Pflegerinnen haben immer die aktuelle A1-Bescheinigung und die Europ\u00e4ische Krankenversicherungskarte (EKUZ-Karte)<\/p>\n<h3 style=\"text-align: justify;\"><span style=\"color: #227ca1;\">Volle Versicherungen<\/span><\/h3>\n<p style=\"text-align: justify;\">Im Vertrag mit der Firma Medisa24 werden der Betreuungskraft immer volle Versicherungen garantiert, d.h. Kranken-, Unfall-, und Rentenversicherung.<\/p>\n<h3 style=\"text-align: justify;\"><span style=\"color: #227ca1;\">Zuverl\u00e4ssige Arbeitgeber<\/span><\/h3>\n<p style=\"text-align: justify;\">Wir werden als der beste, arbeitnehmerfreundliche Arbeitgeber bewertet und von unseren Pflegern und Pflegerinnen weiter empfohlen.<\/p>\n<h3 style=\"text-align: justify;\"><span style=\"color: #227ca1;\">Immer legitim<\/span><\/h3>\n<p style=\"text-align: justify;\">Wir arbeiten mit kompetenten Rechtsanw\u00e4lten zusammen und alle unsere Aktivit\u00e4ten stehen demzufolge im Einklang mit den aktuell in Polen und Deutschland geltenden Rechtsvorschriften.<\/p>\n<p>Wir bedanken uns f\u00fcr Ihr Interesse an unser Angebot und laden Sie herzlich zur Zusammenarbeit ein!<\/p>\n","protected":false},"excerpt":{"rendered":"<p>Wenn Sie auf der Suche nach einer kompetenten Alterspflege f\u00fcr sich oder Ihre Angeh\u00f6rigen sind, dann sind Sie bei Medisa24 an der richtigen Adresse! Die Firma Medisa24 spezialisiert sich in Ausf\u00fchrung von Pflegeleistungen f\u00fcr Senioren in Deutschland. Wir gr\u00fcndeten unsere T\u00e4tigkeit in Antwort auf die Bed\u00fcrfnisse einer alternden Gesellschaft Europas und sind auch den Familien [&hellip;]<\/p>\n","protected":false},"author":1,"featured_media":0,"parent":0,"menu_order":0,"comment_status":"closed","ping_status":"closed","template":"page-full-width.php","meta":{"footnotes":""},"class_list":["post-1472","page","type-page","status-publish","hentry"],"_links":{"self":[{"href":"https:\/\/medisa24.eu\/index.php?rest_route=\/wp\/v2\/pages\/1472","targetHints":{"allow":["GET"]}}],"collection":[{"href":"https:\/\/medisa24.eu\/index.php?rest_route=\/wp\/v2\/pages"}],"about":[{"href":"https:\/\/medisa24.eu\/index.php?rest_route=\/wp\/v2\/types\/page"}],"author":[{"embeddable":true,"href":"https:\/\/medisa24.eu\/index.php?rest_route=\/wp\/v2\/users\/1"}],"replies":[{"embeddable":true,"href":"https:\/\/medisa24.eu\/index.php?rest_route=%2Fwp%2Fv2%2Fcomments&post=1472"}],"version-history":[{"count":18,"href":"https:\/\/medisa24.eu\/index.php?rest_route=\/wp\/v2\/pages\/1472\/revisions"}],"predecessor-version":[{"id":1557,"href":"https:\/\/medisa24.eu\/index.php?rest_route=\/wp\/v2\/pages\/1472\/revisions\/1557"}],"wp:attachment":[{"href":"https:\/\/medisa24.eu\/index.php?rest_route=%2Fwp%2Fv2%2Fmedia&parent=1472"}],"curies":[{"name":"wp","href":"https:\/\/api.w.org\/{rel}","templated":true}]}}