{"id":1456,"date":"2019-06-17T06:29:23","date_gmt":"2019-06-17T06:29:23","guid":{"rendered":"https:\/\/medisa24.eu\/?page_id=1456"},"modified":"2019-06-25T08:57:22","modified_gmt":"2019-06-25T08:57:22","slug":"rekrutacja","status":"publish","type":"page","link":"https:\/\/medisa24.eu\/?page_id=1456","title":{"rendered":"REKRUTACJA"},"content":{"rendered":"\n<h4 style=\"color: #227ca1;\"><i class=\"fas fa-envelope\"><\/i>  KONTAKT Z NAMI<\/h4>\n<p>Wype\u0142nij formularz, wy\u015blij CV lub zadzwo\u0144 i zg\u0142o\u015b swoj\u0105 kandydatur\u0119<\/p>\n<h4 style=\"color: #227ca1;\"><i class=\"fas fa-phone-alt\"><\/i>  ROZMOWA Z KONSULTANTEM<\/h4>\n<p>Na tym etapie nasz konsultant przedstawi telefonicznie warunki pracy na stanowisku Opiekunki\/Opiekuna os\u00f3b starszych w Niemczech. Rozmowa dotyczy\u0107 b\u0119dzie r\u00f3wnie\u017c Pani\/Pana do\u015bwiadczenia w opiece nad osobami starszymi oraz podstawowych umiej\u0119tno\u015bci komunikowania si\u0119 w j\u0119zyku niemieckim.<\/p>\n<h4 style=\"color: #227ca1;\"><i class=\"fas fa-user-check\"><\/i> WYB\u00d3R OFERTY<\/h4>\n<p>Kandydat na Opiekunk\u0119\/Opiekuna os\u00f3b starszych mo\u017ce samodzielnie wybra\u0107 najkorzystniejsz\u0105 dla siebie ofert\u0119&nbsp; korzystaj\u0105c z zak\u0142adki OFERTY PRACY lub wybra\u0107 atrakcyjn\u0105 propozycj\u0119 przedstawion\u0105 telefonicznie przez konsultanta. Oferty zawsze dostosowywane s\u0105 do indywidualnych umiej\u0119tno\u015bci, do\u015bwiadczenia oraz znajomo\u015bci j\u0119zyka niemieckiego przez kandydata.<\/p>\n<p>W przypadku zainteresowania dan\u0105 ofert\u0105 pracy wyst\u0119pujemy do naszego niemieckiego partnera z wnioskiem o akceptacj\u0119 kandydatury.&nbsp;<\/p>\n<h4 style=\"color: #227ca1;\"><i class=\"fas fa-file-signature\"><\/i>  PODPISANIE UMOWY<\/h4>\n<p>Po uzyskaniu akceptacji ze strony niemieckiej rodziny skontaktujemy si\u0119 z Pani\u0105\/Panem oraz prze\u015blemy umow\u0119, kt\u00f3r\u0105 nale\u017cy podpisa\u0107 i odes\u0142a\u0107.&nbsp;<\/p>\n<h4 style=\"color: #227ca1;\"><i class=\"fas fa-bus\"><\/i>  WYJAZD DO PRACY<\/h4>\n<p>Zapewniamy pe\u0142n\u0105 organizacj\u0119 wyjazdu. Opiekunka\/Opiekun nie ponosi \u017cadnych koszt\u00f3w zwi\u0105zanych z wyjazdem do Niemiec oraz powrotem do domu. Nasz konsultant pozostaje z Pa\u0144stwem w kontakcie przez ca\u0142y okres trwania zlecenia.<\/p>\n","protected":false},"excerpt":{"rendered":"<p>KONTAKT Z NAMI Wype\u0142nij formularz, wy\u015blij CV lub zadzwo\u0144 i zg\u0142o\u015b swoj\u0105 kandydatur\u0119 ROZMOWA Z KONSULTANTEM Na tym etapie nasz konsultant przedstawi telefonicznie warunki pracy na stanowisku Opiekunki\/Opiekuna os\u00f3b starszych w Niemczech. Rozmowa dotyczy\u0107 b\u0119dzie r\u00f3wnie\u017c Pani\/Pana do\u015bwiadczenia w opiece nad osobami starszymi oraz podstawowych umiej\u0119tno\u015bci komunikowania si\u0119 w j\u0119zyku niemieckim. WYB\u00d3R OFERTY Kandydat na [&hellip;]<\/p>\n","protected":false},"author":1,"featured_media":0,"parent":0,"menu_order":0,"comment_status":"closed","ping_status":"closed","template":"page.php","meta":{"footnotes":""},"class_list":["post-1456","page","type-page","status-publish","hentry"],"_links":{"self":[{"href":"https:\/\/medisa24.eu\/index.php?rest_route=\/wp\/v2\/pages\/1456","targetHints":{"allow":["GET"]}}],"collection":[{"href":"https:\/\/medisa24.eu\/index.php?rest_route=\/wp\/v2\/pages"}],"about":[{"href":"https:\/\/medisa24.eu\/index.php?rest_route=\/wp\/v2\/types\/page"}],"author":[{"embeddable":true,"href":"https:\/\/medisa24.eu\/index.php?rest_route=\/wp\/v2\/users\/1"}],"replies":[{"embeddable":true,"href":"https:\/\/medisa24.eu\/index.php?rest_route=%2Fwp%2Fv2%2Fcomments&post=1456"}],"version-history":[{"count":33,"href":"https:\/\/medisa24.eu\/index.php?rest_route=\/wp\/v2\/pages\/1456\/revisions"}],"predecessor-version":[{"id":1511,"href":"https:\/\/medisa24.eu\/index.php?rest_route=\/wp\/v2\/pages\/1456\/revisions\/1511"}],"wp:attachment":[{"href":"https:\/\/medisa24.eu\/index.php?rest_route=%2Fwp%2Fv2%2Fmedia&parent=1456"}],"curies":[{"name":"wp","href":"https:\/\/api.w.org\/{rel}","templated":true}]}}