{"id":1380,"date":"2017-09-13T14:50:06","date_gmt":"2017-09-13T14:50:06","guid":{"rendered":"https:\/\/medisa24.eu\/?page_id=1380"},"modified":"2019-07-08T16:17:49","modified_gmt":"2019-07-08T16:17:49","slug":"poradnik-opiekunki","status":"publish","type":"page","link":"https:\/\/medisa24.eu\/?page_id=1380","title":{"rendered":"PORADNIK OPIEKUNKI"},"content":{"rendered":"<p><img loading=\"lazy\" decoding=\"async\" class=\"wp-image-1552 alignright\" src=\"https:\/\/medisa24.eu\/wp-content\/uploads\/2019\/06\/hand-3672941_1920.jpg\" alt=\"\" width=\"500\" height=\"333\" srcset=\"https:\/\/medisa24.eu\/wp-content\/uploads\/2019\/06\/hand-3672941_1920.jpg 1920w, https:\/\/medisa24.eu\/wp-content\/uploads\/2019\/06\/hand-3672941_1920-300x200.jpg 300w, https:\/\/medisa24.eu\/wp-content\/uploads\/2019\/06\/hand-3672941_1920-768x512.jpg 768w, https:\/\/medisa24.eu\/wp-content\/uploads\/2019\/06\/hand-3672941_1920-1024x683.jpg 1024w, https:\/\/medisa24.eu\/wp-content\/uploads\/2019\/06\/hand-3672941_1920-1400x933.jpg 1400w, https:\/\/medisa24.eu\/wp-content\/uploads\/2019\/06\/hand-3672941_1920-900x600.jpg 900w, https:\/\/medisa24.eu\/wp-content\/uploads\/2019\/06\/hand-3672941_1920-212x140.jpg 212w, https:\/\/medisa24.eu\/wp-content\/uploads\/2019\/06\/hand-3672941_1920-1086x722.jpg 1086w\" sizes=\"auto, (max-width: 500px) 100vw, 500px\" \/><\/p>\n<h4 style=\"color: #227ca1;\">Dlaczego warto podj\u0105\u0107 legalne zatrudnienie?<\/h4>\n<p style=\"text-align: justify;\"><strong>Decyduj\u0105c si\u0119 na prac\u0119 w charakterze Opiekunki os\u00f3b starszych, niekt\u00f3re osoby rozwa\u017caj\u0105 wyjazd na w\u0142asn\u0105 r\u0119k\u0119 i brak legalnego zatrudnienia. Warto jednak wzi\u0105\u0107 pod uwag\u0119, i\u017c brak uregulowanych prawnie warunk\u00f3w pracy niesie za sob\u0105 du\u017ce ryzyko i jest niekorzystny, nawet za cen\u0119 wy\u017cszych zarobk\u00f3w.<\/strong><\/p>\n<p style=\"text-align: justify;\">Z pewno\u015bci\u0105 ka\u017cda z czytaj\u0105cych ten artyku\u0142 os\u00f3b zastanawia\u0142a si\u0119 kiedy\u015b nad mo\u017cliwo\u015bci\u0105 podj\u0119cia opieki nad seniorem \u201eprywatnie\u201d, bez podpisywania umowy o prac\u0119. \u00a0Jak mo\u017cna wyczyta\u0107 z raportu przeprowadzonego niedawno na rynku niemieckim w\u015br\u00f3d opiekunek z zagranicy, powodem podejmowania takiej decyzji s\u0105 g\u0142\u00f3wne kwestie finansowe, na kt\u00f3re sk\u0142adaj\u0105 si\u0119 mi\u0119dzy innymi obawa o odebranie \u015bwiadcze\u0144 socjalnych w kraju ojczystym, ucieczka przed post\u0119powaniem komorniczym, a nawet strach przed ustaniem prawa do pobierania aliment\u00f3w czy stypendi\u00f3w. Inn\u0105 wskazan\u0105 opini\u0105 by\u0142o prze\u015bwiadczenie, \u017ce znalezienie legalnego zatrudnienia jako opiekun b\u0105d\u017a opiekunka seniora nie jest mo\u017cliwe, co oczywi\u015bcie ma niewiele wsp\u00f3lnego z rzeczywisto\u015bci\u0105.<\/p>\n<h4 style=\"color: #227ca1;\">Minusy pracy na czarno<\/h4>\n<p style=\"text-align: justify;\">Warto wiedzie\u0107, \u017ce praca na czarno jedynie z pozoru wydaje si\u0119 by\u0107 korzystniejsza, jednak\u017ce brak zalegalizowanej pracy wi\u0105\u017ce si\u0119 z wieloma niedogodno\u015bciami i zagro\u017ceniami. Jedn\u0105 z nich jest przymus poniesienia wysokich kar pieni\u0119\u017cnych (wynosz\u0105cych nawet 5 tysi\u0119cy euro w przypadku Niemiec) w momencie odkrycia pracownika dzia\u0142aj\u0105cego w szarej strefie. Trzeba te\u017c wzi\u0105\u0107 pod uwag\u0119, \u017ce grzywna to nie jedyna konsekwencja. Wraz z ni\u0105 stosuje si\u0119 tak\u017ce wydalenie z kraju oraz zakaz pracy.<\/p>\n<p style=\"text-align: justify;\">Inn\u0105 obaw\u0105 jest ta zwi\u0105zana z wywi\u0105zaniem si\u0119 przez pracodawc\u0119 z zawieranej cz\u0119sto ustnie umowy. Strach przed nieotrzymaniem obiecanego wynagrodzenia za wykonan\u0105 prac\u0119 jest pot\u0119gowany r\u00f3wnie\u017c faktem, \u017ce praca na czarno nie zak\u0142ada ubezpieczenia takiego pracownika. W przypadku urazu lub jakiegokolwiek wypadku jest on zdany sam na siebie i samodzielnie musi ponosi\u0107 koszty leczenia b\u0105d\u017a hospitalizacji.<\/p>\n<p style=\"text-align: justify;\">Jedn\u0105 z powa\u017cniejszych minus\u00f3w zatrudnienia bez umowy jest r\u00f3wnie\u017c brak bezpiecze\u0144stwa i w przypadku wykorzystywania takiego pracownika przez pracodawc\u0119, nak\u0142adania dodatkowych obowi\u0105zk\u00f3w oraz przekraczania czasu pracy. WA\u017bNE! W obliczu wyst\u0105pienia kalectwa lub \u015bmierci podopiecznego szara strefa oznacza nic innego jak oskar\u017cenie karne o przyczynienie si\u0119 do zgonu lub uszkodzenia cia\u0142a.<\/p>\n<h4 style=\"color: #227ca1;\">Dlaczego warto by\u0107 zatrudnionym legalnie?<\/h4>\n<p style=\"text-align: justify;\">Wszystkich tych nieprzyjemnych konsekwencji pracy na czarno mo\u017cna unikn\u0105\u0107 wyje\u017cd\u017caj\u0105c do pracy pod opiek\u0105 sprawdzonej agencji pracy dla opiekunek os\u00f3b starszych takiej jak np. Medisa24. Kontrakt to nie tylko okre\u015blona liczba godzin w ci\u0105gu dnia, ubezpieczenie oraz brak kar za nielegalne zatrudnienie. To przede wszystkim \u015bwiadomo\u015b\u0107 i pewno\u015b\u0107, \u017ce opiekunka otrzyma satysfakcjonuj\u0105ce wynagrodzenie na czas, a rodzina, do kt\u00f3rej przyjedzie, to ludzie godni zaufania.<\/p>\n<p style=\"text-align: justify;\">Nie mo\u017cna zapomnie\u0107 tak\u017ce o ca\u0142odobowym wsparciu ze strony firmy. Ka\u017cdy opiekun otrzymuje swojego koordynatora \u2013 osob\u0119, kt\u00f3ra odpowiedzialna jest za sprawowanie pieczy nad bezpiecze\u0144stwem i w\u0142a\u015bciwymi warunkami zatrudnienia swojego pracownika.<\/p>\n<h4 style=\"color: #227ca1;\">Jak by\u0107 dobrym Opiekunem\/-k\u0105 os\u00f3b starszych?<\/h4>\n<p style=\"text-align: justify;\">Opiekun os\u00f3b starszych nie jest zawodem jak ka\u017cdy inny. Nie mo\u017ce go sprawowa\u0107 przypadkowa osoba. Wymagane s\u0105 okre\u015blone kwalifikacje oraz do\u015bwiadczenie. Mile widziane jest udokumentowane do\u015bwiadczenie w plac\u00f3wkach opieki spo\u0142ecznej, szpitalach itp. Natomiast wiele os\u00f3b zapomina, \u017ce do\u015bwiadczenie zdobywamy tak\u017ce opiekuj\u0105c si\u0119 chorymi, starszymi cz\u0142onkami rodziny. Cz\u0119sto dzieci po\u015bwi\u0119caj\u0105 ca\u0142e swoje \u017cycie aby zaj\u0105c si\u0119 chorymi rodzicami, dziadkami, a kiedy oni ju\u017c odchodz\u0105 czuj\u0105 pustk\u0119 kt\u00f3ra musz\u0105 czym\u015b zaj\u0105\u0107. Wtedy decyduj\u0105 si\u0119 na wyjazd \u2013 to tak\u017ce ogromne kwalifikacje cz\u0119sto niedoceniane przez innych.<\/p>\n<p style=\"text-align: justify;\">Opieka nad osobami starszymi nie jest prac\u0105 lekk\u0105 i \u0142atw\u0105, natomiast z pewno\u015bci\u0105 jest to praca przynosz\u0105ca wiele satysfakcji. Niejednokrotnie jednak wymaga po\u015bwi\u0119ce\u0144 oraz wyczucia. Ka\u017cda osoba, decyduj\u0105ca si\u0119 na wybranie zawodu Opiekuna os\u00f3b starszych musi wzi\u0105\u0107 pod uwag\u0119 pewne czynniki. Posiadanie odpowiedniego charakteru, zdolno\u015b\u0107 adaptacji do nowej sytuacji, dopasowania si\u0119 do drugiego cz\u0142owieka jest tutaj konieczno\u015bci\u0105. Nie mniej jednak pasja oraz empatia odgrywaj\u0105 r\u00f3wnie\u017c znacz\u0105c\u0105 rol\u0119.<\/p>\n<p style=\"text-align: justify;\">Zaw\u00f3d Opiekuna os\u00f3b starszych w ostatnich latach sta\u0142 si\u0119 bardzo popularny oraz po\u017c\u0105dany. Wiele os\u00f3b rozwa\u017caj\u0105cych prac\u0119 w takim charakterze w pierwszej kolejno\u015bci bierze pod uwag\u0119 zarobki, co niestety nie jest dobrym podej\u015bciem. Nie mo\u017cna zapomnie\u0107, i\u017c zaw\u00f3d Opiekuna nie jest prac\u0105 \u0142atw\u0105. Musimy umie\u0107 dopasowywa\u0107 si\u0119 do potrzeb os\u00f3b starszych, reagowa\u0107 na nie, pomaga\u0107 w wykonywaniu wielu czynno\u015bci \u017cycia codziennego, a tak\u017ce prowadzi\u0107 gospodarstwo domowe, dba\u0107 o porz\u0105dek i przygotowywa\u0107 posi\u0142ki. Przed podj\u0119ciem pracy Opiekuna nale\u017cy r\u00f3wnie\u017c zwr\u00f3ci\u0107 uwag\u0119 na przyk\u0142ad nasz\u0105 odporno\u015b\u0107 psychiczn\u0105 oraz wra\u017cliwo\u015b\u0107 na potrzeby innych ludzi.<\/p>\n<p style=\"text-align: justify;\">Osoby, kt\u00f3re mia\u0142y juz okazj\u0119 pracowa\u0107 w tym zawodzie pewnie nie raz odnios\u0142y wra\u017cenie, i\u017c osoby, u kt\u00f3rych pracuj\u0105 stale ich obserwuj\u0105. Jest to reakcja naturalna, ale tak\u017ce przej\u015bciowa. Ka\u017cda ze stron potrzebuje czasu by przyzwyczai\u0107 si\u0119 do siebie nawzajem oraz zaadaptowa\u0107 do sytuacji, w kt\u00f3rej si\u0119 znajduje. Dobry Opiekun powinien stara\u0107 si\u0119, aby wzbudza\u0107 zaufanie Podopiecznego oraz jego rodziny. Atmosfera jest bardzo istotnym elementem. Osoba starsza musi czu\u0107 si\u0119 bezpiecznie i swobodnie. Zdarza si\u0119, \u017ce podopieczni z racji swojego wieku oraz przer\u00f3\u017cnych schorze\u0144 nie potrafi\u0105 przyzna\u0107 si\u0119 sami przed sob\u0105, \u017ce pomoc jest im potrzebna. Zdarza si\u0119, \u017ce seniorzy s\u0105 marudni, nie chc\u0105 wsp\u00f3\u0142pracowa\u0107 z Opiekunem, sama jego obecno\u015b\u0107 mo\u017ce wywo\u0142ywa\u0107 stres i niepok\u00f3j. Nie nale\u017cy jednak bra\u0107 zaistnia\u0142ej sytuacji do siebie. Seniorzy potrzebuj\u0105 czasu, by si\u0119 do nas przekona\u0107 i nas zaakceptowa\u0107. Empatia jest tutaj cech\u0105 bardzo wa\u017cn\u0105.<\/p>\n<p style=\"text-align: justify;\">Nie mo\u017cemy zapomina\u0107, \u017ce podopieczni \u2013 tak jak ka\u017cdy z nas, posiadaj\u0105 swoje przyzwyczajenia bez kt\u00f3rych nie s\u0105 w stanie funkcjonowa\u0107. Do zada\u0144 opiekuna nale\u017cy ich zaakceptowanie. Umiej\u0119tno\u015b\u0107 rozwi\u0105zywania problem\u00f3w oraz opanowanie r\u00f3wnie\u017c mog\u0105 si\u0119 okaza\u0107 bardzo pomocne.<\/p>\n<p style=\"text-align: justify;\">Aby by\u0107 dobrym Opiekunem nale\u017cy nie tylko umie\u0107 dostosowywa\u0107 si\u0119 do nowej sytuacji, ale tak\u017ce umie\u0107 wzbudza\u0107 zaufanie oraz sympati\u0119 i by\u0107 otwartym \u2013 nawet gdy znajomo\u015b\u0107 j\u0119zyka niemieckiego nie jest jeszcze na najlepszym poziomie. Dobre relacje z podopiecznymi i rodzin\u0105 s\u0105 bardzo wa\u017cne, gdy\u017c wp\u0142ywaj\u0105 na atmosfer\u0119 oraz dobre samopoczucie obu stron. Umiej\u0119tno\u015b\u0107 szybkiego i odpowiedniego reagowania w sytuacjach tego wymagaj\u0105cych jest cz\u0119\u015bci\u0105 zawodu, dlatego Opiekun powinien by\u0107 spostrzegawczy oraz opanowany, nawet gdy sytuacja jest stresowa i zaskakuj\u0105ca. W\u00f3wczas podopieczny jest w stanie zaufa\u0107 Opiekunowi i poczu\u0107 si\u0119 bezpiecznie.<\/p>\n<h4 style=\"color: #227ca1;\">Na co warto zwr\u00f3ci\u0107 uwag\u0119 przed podj\u0119ciem pracy w zawodzie Opiekuna os\u00f3b starszych?<\/h4>\n<p style=\"text-align: justify;\">Jak ju\u017c zosta\u0142o wy\u017cej opisane, praca w tym zawodzie jest wymagaj\u0105ca oraz specyficzna. Decyduj\u0105c si\u0119 na podj\u0119cie takiego zaj\u0119cia nale\u017cy wzi\u0105\u0107 pod uwag\u0119 wiele istotnych czynnik\u00f3w, kt\u00f3re s\u0105 zwi\u0105zane z t\u0105 bran\u017c\u0105.<\/p>\n<p style=\"text-align: justify;\">Wyje\u017cd\u017caj\u0105c do pracy do Niemiec, nale\u017cy zwr\u00f3ci\u0107 uwag\u0119 na znajomo\u015b\u0107 j\u0119zyka niemieckiego, w innym przypadku b\u0119dzie trudno odnale\u017a\u0107 si\u0119 w obcym kraju. Rzetelne i dobrze funkcjonuj\u0105ce na rynku firmy po\u015brednicz\u0105ce w wysy\u0142aniu opiekunek za granic\u0119, takie jak Medisa24 \u2013 organizuj\u0105 szkolenia z j\u0119zyka niemieckiego dla swoich opiekun\u00f3w, s\u0105 one bardzo du\u017c\u0105 szans\u0105 dla os\u00f3b, kt\u00f3re posiadaj\u0105 ju\u017c do\u015bwiadczenie a brak im podstaw j\u0119zyka niemieckiego.<\/p>\n<p style=\"text-align: justify;\">Jak w przypadku ka\u017cdej pracy &#8211; kluczowe znaczenie odgrywa do\u015bwiadczenie. Praca z osobami starszymi jest wymagaj\u0105ca, wielokrotnie mo\u017ce zaskoczy\u0107 oraz wi\u0105\u017ce si\u0119 z odpowiedzialno\u015bci\u0105. Osoba do\u015bwiadczona wie na czym ona polega i wie mniej wi\u0119cej czego mo\u017ce si\u0119 spodziewa\u0107. Uko\u0144czone kursy oraz referencje niew\u0105tpliwie ogrywaj\u0105 w tym zawodzie znacz\u0105c\u0105 rol\u0119. Dzi\u0119ki nim \u0142atwiej otrzymamy zatrudnienie oraz wzbudzimy zaufanie u rodziny poszukuj\u0105cej opiekuna. Opiekun powinien stwarza\u0107 warunki, w kt\u00f3rych podopieczny b\u0119dzie si\u0119 czu\u0142 swobodnie i bezpiecznie.<\/p>\n<p style=\"text-align: justify;\"><strong>\u00a0<\/strong><\/p>\n","protected":false},"excerpt":{"rendered":"<p>Dlaczego warto podj\u0105\u0107 legalne zatrudnienie? Decyduj\u0105c si\u0119 na prac\u0119 w charakterze Opiekunki os\u00f3b starszych, niekt\u00f3re osoby rozwa\u017caj\u0105 wyjazd na w\u0142asn\u0105 r\u0119k\u0119 i brak legalnego zatrudnienia. Warto jednak wzi\u0105\u0107 pod uwag\u0119, i\u017c brak uregulowanych prawnie warunk\u00f3w pracy niesie za sob\u0105 du\u017ce ryzyko i jest niekorzystny, nawet za cen\u0119 wy\u017cszych zarobk\u00f3w. Z pewno\u015bci\u0105 ka\u017cda z czytaj\u0105cych ten [&hellip;]<\/p>\n","protected":false},"author":1,"featured_media":0,"parent":0,"menu_order":0,"comment_status":"closed","ping_status":"closed","template":"page.php","meta":{"footnotes":""},"class_list":["post-1380","page","type-page","status-publish","hentry"],"_links":{"self":[{"href":"https:\/\/medisa24.eu\/index.php?rest_route=\/wp\/v2\/pages\/1380","targetHints":{"allow":["GET"]}}],"collection":[{"href":"https:\/\/medisa24.eu\/index.php?rest_route=\/wp\/v2\/pages"}],"about":[{"href":"https:\/\/medisa24.eu\/index.php?rest_route=\/wp\/v2\/types\/page"}],"author":[{"embeddable":true,"href":"https:\/\/medisa24.eu\/index.php?rest_route=\/wp\/v2\/users\/1"}],"replies":[{"embeddable":true,"href":"https:\/\/medisa24.eu\/index.php?rest_route=%2Fwp%2Fv2%2Fcomments&post=1380"}],"version-history":[{"count":9,"href":"https:\/\/medisa24.eu\/index.php?rest_route=\/wp\/v2\/pages\/1380\/revisions"}],"predecessor-version":[{"id":1559,"href":"https:\/\/medisa24.eu\/index.php?rest_route=\/wp\/v2\/pages\/1380\/revisions\/1559"}],"wp:attachment":[{"href":"https:\/\/medisa24.eu\/index.php?rest_route=%2Fwp%2Fv2%2Fmedia&parent=1380"}],"curies":[{"name":"wp","href":"https:\/\/api.w.org\/{rel}","templated":true}]}}