{"id":11,"date":"2017-09-13T08:52:27","date_gmt":"2017-09-13T08:52:27","guid":{"rendered":"https:\/\/medisa24.eu\/?page_id=11"},"modified":"2019-06-26T07:23:34","modified_gmt":"2019-06-26T07:23:34","slug":"o-nas","status":"publish","type":"page","link":"https:\/\/medisa24.eu\/?page_id=11","title":{"rendered":"O NAS"},"content":{"rendered":"<p><img loading=\"lazy\" decoding=\"async\" class=\" wp-image-1544 alignright\" src=\"https:\/\/medisa24.eu\/wp-content\/uploads\/2019\/06\/agreement-3489902_1920.jpg\" alt=\"\" width=\"500\" height=\"293\" srcset=\"https:\/\/medisa24.eu\/wp-content\/uploads\/2019\/06\/agreement-3489902_1920.jpg 1920w, https:\/\/medisa24.eu\/wp-content\/uploads\/2019\/06\/agreement-3489902_1920-300x176.jpg 300w, https:\/\/medisa24.eu\/wp-content\/uploads\/2019\/06\/agreement-3489902_1920-768x450.jpg 768w, https:\/\/medisa24.eu\/wp-content\/uploads\/2019\/06\/agreement-3489902_1920-1024x599.jpg 1024w\" sizes=\"auto, (max-width: 500px) 100vw, 500px\" \/><\/p>\n<p style=\"text-align: justify;\">Firma <span style=\"color: #227CA1;\">Medisa24<\/span> specjalizuje si\u0119 w \u015bwiadczeniu us\u0142ug opieku\u0144czych nad osobami starszymi na terenie Niemiec. Powstali\u015bmy jako odpowied\u017a na potrzeby starzej\u0105cego si\u0119 spo\u0142ecze\u0144stwa Europy, a tak\u017ce wyszli\u015bmy naprzeciw rodzinom podopiecznych, kt\u00f3rzy nie s\u0105 w stanie zapewni\u0107 ca\u0142odobowej opieki najbli\u017cszym osobom.<\/p>\n<p style=\"text-align: justify;\">W swojej dzia\u0142alno\u015bci kierujemy si\u0119 przede wszystkim dobrem drugiego cz\u0142owieka, dlatego naszym g\u0142\u00f3wnym celem jest zapewnienie bezpiecze\u0144stwa, komfortu i legalno\u015bci zatrudnienia. Wsp\u00f3\u0142pracujemy z najlepszymi agencjami i partnerami w Niemczech, przez co mo\u017cemy zagwarantowa\u0107 sprawdzone miejsca pracy, w szczeg\u00f3lno\u015bci dostosowane do indywidualnych predyspozycji kandydata.<\/p>\n<p style=\"text-align: justify;\">Szczeg\u00f3ln\u0105 trosk\u0105 i opiek\u0105 otaczamy nie tylko osoby starsze, ale r\u00f3wnie\u017c naszych Opiekun\u00f3w. Zale\u017cy nam na tym, aby b\u0119d\u0105c na zleceniu czuli si\u0119 bezpiecznie oraz aby mieli pewno\u015b\u0107, \u017ce zawsze mog\u0105 liczy\u0107 na pomoc i wsparcie z naszej strony. Wierzymy, i\u017c poczucie spokoju i stabilizacji u opiekuna, bezpo\u015brednio wp\u0142ywa na jego komfort psychiczny oraz na jako\u015b\u0107 \u015bwiadczonych us\u0142ug.<\/p>\n<p style=\"text-align: justify;\">W zwi\u0105zku z rozwojem naszej firmy prowadzimy sta\u0142\u0105 rekrutacj\u0119 na stanowisko Opiekuna\/Opiekunki Os\u00f3b Starszych.<br \/>\nZapraszamy do kontaktu! Ch\u0119tnie odpowiemy na Pa\u0144stwa pytania.<\/p>\n","protected":false},"excerpt":{"rendered":"<p>Firma Medisa24 specjalizuje si\u0119 w \u015bwiadczeniu us\u0142ug opieku\u0144czych nad osobami starszymi na terenie Niemiec. Powstali\u015bmy jako odpowied\u017a na potrzeby starzej\u0105cego si\u0119 spo\u0142ecze\u0144stwa Europy, a tak\u017ce wyszli\u015bmy naprzeciw rodzinom podopiecznych, kt\u00f3rzy nie s\u0105 w stanie zapewni\u0107 ca\u0142odobowej opieki najbli\u017cszym osobom. W swojej dzia\u0142alno\u015bci kierujemy si\u0119 przede wszystkim dobrem drugiego cz\u0142owieka, dlatego naszym g\u0142\u00f3wnym celem jest zapewnienie [&hellip;]<\/p>\n","protected":false},"author":1,"featured_media":0,"parent":0,"menu_order":0,"comment_status":"closed","ping_status":"closed","template":"","meta":{"footnotes":""},"class_list":["post-11","page","type-page","status-publish","hentry"],"_links":{"self":[{"href":"https:\/\/medisa24.eu\/index.php?rest_route=\/wp\/v2\/pages\/11","targetHints":{"allow":["GET"]}}],"collection":[{"href":"https:\/\/medisa24.eu\/index.php?rest_route=\/wp\/v2\/pages"}],"about":[{"href":"https:\/\/medisa24.eu\/index.php?rest_route=\/wp\/v2\/types\/page"}],"author":[{"embeddable":true,"href":"https:\/\/medisa24.eu\/index.php?rest_route=\/wp\/v2\/users\/1"}],"replies":[{"embeddable":true,"href":"https:\/\/medisa24.eu\/index.php?rest_route=%2Fwp%2Fv2%2Fcomments&post=11"}],"version-history":[{"count":16,"href":"https:\/\/medisa24.eu\/index.php?rest_route=\/wp\/v2\/pages\/11\/revisions"}],"predecessor-version":[{"id":1554,"href":"https:\/\/medisa24.eu\/index.php?rest_route=\/wp\/v2\/pages\/11\/revisions\/1554"}],"wp:attachment":[{"href":"https:\/\/medisa24.eu\/index.php?rest_route=%2Fwp%2Fv2%2Fmedia&parent=11"}],"curies":[{"name":"wp","href":"https:\/\/api.w.org\/{rel}","templated":true}]}}